{"id":2448,"date":"2025-12-05T18:14:13","date_gmt":"2025-12-05T18:14:13","guid":{"rendered":"https:\/\/languageplusmadrid.com.es\/?page_id=2448"},"modified":"2026-01-07T13:41:23","modified_gmt":"2026-01-07T13:41:23","slug":"career-coaching-services","status":"publish","type":"page","link":"https:\/\/languageplusmadrid.com.es\/es\/career-coaching-services\/","title":{"rendered":"Servicios de orientaci\u00f3n profesional - Abraxas Coaching"},"content":{"rendered":"<div data-elementor-type=\"wp-page\" data-elementor-id=\"2448\" class=\"elementor elementor-2448\" data-elementor-post-type=\"page\">\n\t\t\t\t<div class=\"elementor-element elementor-element-ad220b5 e-con-full e-flex e-con e-parent\" data-id=\"ad220b5\" data-element_type=\"container\" data-e-type=\"container\" data-settings=\"{&quot;background_background&quot;:&quot;classic&quot;,&quot;shape_divider_top&quot;:&quot;mountains&quot;,&quot;shape_divider_bottom&quot;:&quot;mountains&quot;,&quot;animation&quot;:&quot;none&quot;}\">\n\t\t\t\t<div class=\"elementor-shape elementor-shape-top\" aria-hidden=\"true\" data-negative=\"false\">\n\t\t\t<svg xmlns=\"http:\/\/www.w3.org\/2000\/svg\" viewbox=\"0 0 1000 100\" preserveaspectratio=\"none\">\n\t<path class=\"elementor-shape-fill\" opacity=\"0.33\" d=\"M473,67.3c-203.9,88.3-263.1-34-320.3,0C66,119.1,0,59.7,0,59.7V0h1000v59.7 c0,0-62.1,26.1-94.9,29.3c-32.8,3.3-62.8-12.3-75.8-22.1C806,49.6,745.3,8.7,694.9,4.7S492.4,59,473,67.3z\"\/>\n\t<path class=\"elementor-shape-fill\" opacity=\"0.66\" d=\"M734,67.3c-45.5,0-77.2-23.2-129.1-39.1c-28.6-8.7-150.3-10.1-254,39.1 s-91.7-34.4-149.2,0C115.7,118.3,0,39.8,0,39.8V0h1000v36.5c0,0-28.2-18.5-92.1-18.5C810.2,18.1,775.7,67.3,734,67.3z\"\/>\n\t<path class=\"elementor-shape-fill\" d=\"M766.1,28.9c-200-57.5-266,65.5-395.1,19.5C242,1.8,242,5.4,184.8,20.6C128,35.8,132.3,44.9,89.9,52.5C28.6,63.7,0,0,0,0 h1000c0,0-9.9,40.9-83.6,48.1S829.6,47,766.1,28.9z\"\/>\n<\/svg>\t\t<\/div>\n\t\t\t\t<div class=\"elementor-shape elementor-shape-bottom\" aria-hidden=\"true\" data-negative=\"false\">\n\t\t\t<svg xmlns=\"http:\/\/www.w3.org\/2000\/svg\" viewbox=\"0 0 1000 100\" preserveaspectratio=\"none\">\n\t<path class=\"elementor-shape-fill\" opacity=\"0.33\" d=\"M473,67.3c-203.9,88.3-263.1-34-320.3,0C66,119.1,0,59.7,0,59.7V0h1000v59.7 c0,0-62.1,26.1-94.9,29.3c-32.8,3.3-62.8-12.3-75.8-22.1C806,49.6,745.3,8.7,694.9,4.7S492.4,59,473,67.3z\"\/>\n\t<path class=\"elementor-shape-fill\" opacity=\"0.66\" d=\"M734,67.3c-45.5,0-77.2-23.2-129.1-39.1c-28.6-8.7-150.3-10.1-254,39.1 s-91.7-34.4-149.2,0C115.7,118.3,0,39.8,0,39.8V0h1000v36.5c0,0-28.2-18.5-92.1-18.5C810.2,18.1,775.7,67.3,734,67.3z\"\/>\n\t<path class=\"elementor-shape-fill\" d=\"M766.1,28.9c-200-57.5-266,65.5-395.1,19.5C242,1.8,242,5.4,184.8,20.6C128,35.8,132.3,44.9,89.9,52.5C28.6,63.7,0,0,0,0 h1000c0,0-9.9,40.9-83.6,48.1S829.6,47,766.1,28.9z\"\/>\n<\/svg>\t\t<\/div>\n\t\t<div class=\"elementor-element elementor-element-a6cdcd8 e-con-full e-flex e-con e-child\" data-id=\"a6cdcd8\" data-element_type=\"container\" data-e-type=\"container\" data-settings=\"{&quot;background_background&quot;:&quot;classic&quot;,&quot;shape_divider_top&quot;:&quot;mountains&quot;}\">\n\t\t\t\t<div class=\"elementor-shape elementor-shape-top\" aria-hidden=\"true\" data-negative=\"false\">\n\t\t\t<svg xmlns=\"http:\/\/www.w3.org\/2000\/svg\" viewbox=\"0 0 1000 100\" preserveaspectratio=\"none\">\n\t<path class=\"elementor-shape-fill\" opacity=\"0.33\" d=\"M473,67.3c-203.9,88.3-263.1-34-320.3,0C66,119.1,0,59.7,0,59.7V0h1000v59.7 c0,0-62.1,26.1-94.9,29.3c-32.8,3.3-62.8-12.3-75.8-22.1C806,49.6,745.3,8.7,694.9,4.7S492.4,59,473,67.3z\"\/>\n\t<path class=\"elementor-shape-fill\" opacity=\"0.66\" d=\"M734,67.3c-45.5,0-77.2-23.2-129.1-39.1c-28.6-8.7-150.3-10.1-254,39.1 s-91.7-34.4-149.2,0C115.7,118.3,0,39.8,0,39.8V0h1000v36.5c0,0-28.2-18.5-92.1-18.5C810.2,18.1,775.7,67.3,734,67.3z\"\/>\n\t<path class=\"elementor-shape-fill\" d=\"M766.1,28.9c-200-57.5-266,65.5-395.1,19.5C242,1.8,242,5.4,184.8,20.6C128,35.8,132.3,44.9,89.9,52.5C28.6,63.7,0,0,0,0 h1000c0,0-9.9,40.9-83.6,48.1S829.6,47,766.1,28.9z\"\/>\n<\/svg>\t\t<\/div>\n\t\t\t\t<div class=\"elementor-element elementor-element-2dcc032 grulla-float elementor-widget elementor-widget-heading\" data-id=\"2dcc032\" data-element_type=\"widget\" data-e-type=\"widget\" data-widget_type=\"heading.default\">\n\t\t\t\t<div class=\"elementor-widget-container\">\n\t\t\t\t\t<h2 class=\"elementor-heading-title elementor-size-default\">servicios de orientaci\u00f3n profesional<\/h2>\t\t\t\t<\/div>\n\t\t\t\t<\/div>\n\t\t\t\t<\/div>\n\t\t<div class=\"elementor-element elementor-element-67ff632 e-con-full e-flex e-con e-child\" data-id=\"67ff632\" data-element_type=\"container\" data-e-type=\"container\" data-settings=\"{&quot;background_background&quot;:&quot;classic&quot;}\">\n\t\t<div class=\"elementor-element elementor-element-e4b821a e-con-full e-transform e-flex e-con e-child\" data-id=\"e4b821a\" data-element_type=\"container\" data-e-type=\"container\" data-settings=\"{&quot;background_background&quot;:&quot;classic&quot;,&quot;_transform_skewX_effect&quot;:{&quot;unit&quot;:&quot;px&quot;,&quot;size&quot;:0,&quot;sizes&quot;:[]},&quot;_transform_skewY_effect&quot;:{&quot;unit&quot;:&quot;px&quot;,&quot;size&quot;:0,&quot;sizes&quot;:[]},&quot;_transform_skewX_effect_laptop&quot;:{&quot;unit&quot;:&quot;deg&quot;,&quot;size&quot;:&quot;&quot;,&quot;sizes&quot;:[]},&quot;_transform_skewX_effect_tablet&quot;:{&quot;unit&quot;:&quot;deg&quot;,&quot;size&quot;:&quot;&quot;,&quot;sizes&quot;:[]},&quot;_transform_skewX_effect_mobile&quot;:{&quot;unit&quot;:&quot;deg&quot;,&quot;size&quot;:&quot;&quot;,&quot;sizes&quot;:[]},&quot;_transform_skewY_effect_laptop&quot;:{&quot;unit&quot;:&quot;deg&quot;,&quot;size&quot;:&quot;&quot;,&quot;sizes&quot;:[]},&quot;_transform_skewY_effect_tablet&quot;:{&quot;unit&quot;:&quot;deg&quot;,&quot;size&quot;:&quot;&quot;,&quot;sizes&quot;:[]},&quot;_transform_skewY_effect_mobile&quot;:{&quot;unit&quot;:&quot;deg&quot;,&quot;size&quot;:&quot;&quot;,&quot;sizes&quot;:[]}}\">\n\t\t\t\t<div class=\"elementor-element elementor-element-506ca43 elementor-widget__width-auto elementor-widget elementor-widget-text-editor\" data-id=\"506ca43\" data-element_type=\"widget\" data-e-type=\"widget\" data-widget_type=\"text-editor.default\">\n\t\t\t\t<div class=\"elementor-widget-container\">\n\t\t\t\t\t\t\t\t\t<div data-block-type=\"BLOCK_TYPE_PARAGRAPH\">bienvenido a <em><strong>coaching abraxas<\/strong><\/em><\/div>\t\t\t\t\t\t\t\t<\/div>\n\t\t\t\t<\/div>\n\t\t\t\t<div class=\"elementor-element elementor-element-ed9f07b elementor-widget__width-auto elementor-widget elementor-widget-text-editor\" data-id=\"ed9f07b\" data-element_type=\"widget\" data-e-type=\"widget\" data-widget_type=\"text-editor.default\">\n\t\t\t\t<div class=\"elementor-widget-container\">\n\t\t\t\t\t\t\t\t\t<div data-block-type=\"BLOCK_TYPE_PARAGRAPH\">Para claridad, direcci\u00f3n y progreso<\/div>\t\t\t\t\t\t\t\t<\/div>\n\t\t\t\t<\/div>\n\t\t\t\t<\/div>\n\t\t\t\t<\/div>\n\t\t<div class=\"elementor-element elementor-element-5df2fe3 e-con-full e-transform e-flex e-con e-child\" data-id=\"5df2fe3\" data-element_type=\"container\" data-e-type=\"container\" data-settings=\"{&quot;background_background&quot;:&quot;classic&quot;,&quot;_transform_skewX_effect&quot;:{&quot;unit&quot;:&quot;px&quot;,&quot;size&quot;:0,&quot;sizes&quot;:[]},&quot;_transform_skewY_effect&quot;:{&quot;unit&quot;:&quot;px&quot;,&quot;size&quot;:0,&quot;sizes&quot;:[]},&quot;_transform_skewX_effect_laptop&quot;:{&quot;unit&quot;:&quot;deg&quot;,&quot;size&quot;:&quot;&quot;,&quot;sizes&quot;:[]},&quot;_transform_skewX_effect_tablet&quot;:{&quot;unit&quot;:&quot;deg&quot;,&quot;size&quot;:&quot;&quot;,&quot;sizes&quot;:[]},&quot;_transform_skewX_effect_mobile&quot;:{&quot;unit&quot;:&quot;deg&quot;,&quot;size&quot;:&quot;&quot;,&quot;sizes&quot;:[]},&quot;_transform_skewY_effect_laptop&quot;:{&quot;unit&quot;:&quot;deg&quot;,&quot;size&quot;:&quot;&quot;,&quot;sizes&quot;:[]},&quot;_transform_skewY_effect_tablet&quot;:{&quot;unit&quot;:&quot;deg&quot;,&quot;size&quot;:&quot;&quot;,&quot;sizes&quot;:[]},&quot;_transform_skewY_effect_mobile&quot;:{&quot;unit&quot;:&quot;deg&quot;,&quot;size&quot;:&quot;&quot;,&quot;sizes&quot;:[]}}\">\n\t\t\t\t<div class=\"elementor-element elementor-element-39498c8 elementor-widget__width-inherit elementor-widget elementor-widget-heading\" data-id=\"39498c8\" data-element_type=\"widget\" data-e-type=\"widget\" data-settings=\"{&quot;_animation&quot;:&quot;none&quot;}\" data-widget_type=\"heading.default\">\n\t\t\t\t<div class=\"elementor-widget-container\">\n\t\t\t\t\t<h2 class=\"elementor-heading-title elementor-size-default\">ABRAXAS es m\u00e1s que un nombre.<\/h2>\t\t\t\t<\/div>\n\t\t\t\t<\/div>\n\t\t\t\t<div class=\"elementor-element elementor-element-ce41476 elementor-widget__width-auto elementor-widget elementor-widget-text-editor\" data-id=\"ce41476\" data-element_type=\"widget\" data-e-type=\"widget\" data-widget_type=\"text-editor.default\">\n\t\t\t\t<div class=\"elementor-widget-container\">\n\t\t\t\t\t\t\t\t\t<div data-block-type=\"BLOCK_TYPE_PARAGRAPH\">Arraigada en un antiguo simbolismo, apunta a una idea sencilla: <strong data-start=\"386\" data-end=\"420\">estamos hechos de diferentes partes<\/strong>\u00a0y la verdadera direcci\u00f3n llega al tomar conciencia de todos ellos.<\/div>\t\t\t\t\t\t\t\t<\/div>\n\t\t\t\t<\/div>\n\t\t\t\t<div class=\"elementor-element elementor-element-ba19092 elementor-widget__width-auto elementor-widget elementor-widget-text-editor\" data-id=\"ba19092\" data-element_type=\"widget\" data-e-type=\"widget\" data-widget_type=\"text-editor.default\">\n\t\t\t\t<div class=\"elementor-widget-container\">\n\t\t\t\t\t\t\t\t\t<div data-block-type=\"BLOCK_TYPE_PARAGRAPH\">Coaching becomes a practical lens through which we work with the whole picture for growth and success<\/div>\t\t\t\t\t\t\t\t<\/div>\n\t\t\t\t<\/div>\n\t\t\t\t<\/div>\n\t\t<div class=\"elementor-element elementor-element-c8a0b11 e-con-full e-flex e-con e-child\" data-id=\"c8a0b11\" data-element_type=\"container\" data-e-type=\"container\" data-settings=\"{&quot;background_background&quot;:&quot;classic&quot;}\">\n\t\t<div class=\"elementor-element elementor-element-605cda4 e-con-full e-flex e-con e-child\" data-id=\"605cda4\" data-element_type=\"container\" data-e-type=\"container\">\n\t\t\t\t<div class=\"elementor-element elementor-element-283f16f elementor-widget__width-inherit elementor-widget elementor-widget-heading\" data-id=\"283f16f\" data-element_type=\"widget\" data-e-type=\"widget\" data-settings=\"{&quot;_animation&quot;:&quot;none&quot;}\" data-widget_type=\"heading.default\">\n\t\t\t\t<div class=\"elementor-widget-container\">\n\t\t\t\t\t<h2 class=\"elementor-heading-title elementor-size-default\">Qu\u00e9 significa esto para ti<\/h2>\t\t\t\t<\/div>\n\t\t\t\t<\/div>\n\t\t\t\t<div class=\"elementor-element elementor-element-6afd8d6 elementor-widget__width-inherit elementor-widget elementor-widget-text-editor\" data-id=\"6afd8d6\" data-element_type=\"widget\" data-e-type=\"widget\" data-widget_type=\"text-editor.default\">\n\t\t\t\t<div class=\"elementor-widget-container\">\n\t\t\t\t\t\t\t\t\t<p>Abraxas te acompa\u00f1a para:<\/p><ul><li>Reflexionar con calma sobre las preguntas importantes que te planteas<\/li><li>Superar los obst\u00e1culos que dificultan el cambio<\/li><li>Encontrar la motivaci\u00f3n para dar pasos concretos hacia adelante<\/li><li>Reorientar o, si es necesario, cambiar tu rumbo profesional<\/li><li>Abordar tus opciones desde una perspectiva m\u00e1s amplia<\/li><li>trabajar en los detalles con paciencia y prop\u00f3sito<\/li><\/ul>\t\t\t\t\t\t\t\t<\/div>\n\t\t\t\t<\/div>\n\t\t\t\t<\/div>\n\t\t<div class=\"elementor-element elementor-element-d973a61 e-con-full e-flex e-con e-child\" data-id=\"d973a61\" data-element_type=\"container\" data-e-type=\"container\">\n\t\t\t\t<div class=\"elementor-element elementor-element-315c109 elementor-widget__width-auto elementor-widget elementor-widget-text-editor\" data-id=\"315c109\" data-element_type=\"widget\" data-e-type=\"widget\" data-widget_type=\"text-editor.default\">\n\t\t\t\t<div class=\"elementor-widget-container\">\n\t\t\t\t\t\t\t\t\t<h3 data-start=\"1153\" data-end=\"1194\"><strong data-start=\"1157\" data-end=\"1194\">Preguntas clave que gu\u00edan nuestro trabajo<\/strong><\/h3><p data-start=\"1197\" data-end=\"1261\">\u279c \u00bfHacia d\u00f3nde quieres avanzar?<\/p><p data-start=\"1197\" data-end=\"1261\">\u279c\u00bfQu\u00e9 te est\u00e1 frenando?<\/p><p data-start=\"1264\" data-end=\"1334\">\u279c \u00bfCu\u00e1les son tus talentos naturales? \u00bfLos utilizas?<\/p><p data-start=\"1337\" data-end=\"1406\">\u279c \u00bfQu\u00e9 patrones se repiten? \u00bfQu\u00e9 intentan mostrarte?<\/p><p data-start=\"1409\" data-end=\"1502\">\u279c What is your professional identity today and compared to the past?<\/p><p data-start=\"1505\" data-end=\"1584\">\u279c \u00bfQu\u00e9 puedes fortalecer para avanzar con confianza?<\/p>\t\t\t\t\t\t\t\t<\/div>\n\t\t\t\t<\/div>\n\t\t\t\t<\/div>\n\t\t\t\t<\/div>\n\t\t<div class=\"elementor-element elementor-element-a7d7706 e-con-full e-flex e-con e-child\" data-id=\"a7d7706\" data-element_type=\"container\" data-e-type=\"container\" data-settings=\"{&quot;background_background&quot;:&quot;classic&quot;}\">\n\t\t\t\t<div class=\"elementor-element elementor-element-12951cf elementor-widget elementor-widget-text-editor\" data-id=\"12951cf\" data-element_type=\"widget\" data-e-type=\"widget\" data-widget_type=\"text-editor.default\">\n\t\t\t\t<div class=\"elementor-widget-container\">\n\t\t\t\t\t\t\t\t\t<div data-block-type=\"BLOCK_TYPE_PARAGRAPH\">practica la observaci\u00f3n objetiva, la Expresi\u00f3n y m\u00edrate plenamente.<\/div><div data-block-type=\"BLOCK_TYPE_PARAGRAPH\">Avanza sin presi\u00f3n y progresa con intenci\u00f3n.<\/div>\t\t\t\t\t\t\t\t<\/div>\n\t\t\t\t<\/div>\n\t\t\t\t<div class=\"elementor-element elementor-element-5bc0a0f elementor-widget elementor-widget-text-editor\" data-id=\"5bc0a0f\" data-element_type=\"widget\" data-e-type=\"widget\" data-widget_type=\"text-editor.default\">\n\t\t\t\t<div class=\"elementor-widget-container\">\n\t\t\t\t\t\t\t\t\t<div data-block-type=\"BLOCK_TYPE_PARAGRAPH\">elige tu direcci\u00f3n<\/div>\t\t\t\t\t\t\t\t<\/div>\n\t\t\t\t<\/div>\n\t\t\t\t<\/div>\n\t\t<div class=\"elementor-element elementor-element-d1dcf9e e-con-full e-flex e-con e-child\" data-id=\"d1dcf9e\" data-element_type=\"container\" data-e-type=\"container\">\n\t\t\t\t<div class=\"elementor-element elementor-element-7564040 grulla-float elementor-widget elementor-widget-button\" data-id=\"7564040\" data-element_type=\"widget\" data-e-type=\"widget\" data-widget_type=\"button.default\">\n\t\t\t\t<div class=\"elementor-widget-container\">\n\t\t\t\t\t\t\t\t\t<div class=\"elementor-button-wrapper\">\n\t\t\t\t\t<a class=\"elementor-button elementor-button-link elementor-size-sm\" href=\"#elementor-action%3Aaction%3Dpopup%3Aopen%26settings%3DeyJpZCI6IjcxNSIsInRvZ2dsZSI6ZmFsc2V9\">\n\t\t\t\t\t\t<span class=\"elementor-button-content-wrapper\">\n\t\t\t\t\t\t<span class=\"elementor-button-icon\">\n\t\t\t\t<i aria-hidden=\"true\" class=\"far fa-address-card\"><\/i>\t\t\t<\/span>\n\t\t\t\t\t\t\t\t\t<span class=\"elementor-button-text\">SOLICITA AHORA<\/span>\n\t\t\t\t\t<\/span>\n\t\t\t\t\t<\/a>\n\t\t\t\t<\/div>\n\t\t\t\t\t\t\t\t<\/div>\n\t\t\t\t<\/div>\n\t\t\t\t<\/div>\n\t\t\t\t<\/div>\n\t\t\t\t<\/div>\n\t\t\n    <div class=\"xs_social_share_widget xs_share_url after_content \t\tmain_content  wslu-style-1 wslu-share-box-shaped wslu-fill-colored wslu-none wslu-share-horizontal wslu-theme-font-no wslu-main_content\">\n\n\t\t\n        <ul>\n\t\t\t        <\/ul>\n    <\/div>","protected":false},"excerpt":{"rendered":"<p>career coaching services welcome to abraxas coachingFor clarity, direction and progress ABRAXAS is more than a name. Rooted in ancient symbolism it points to a simple idea: we are made of different parts\u00a0and true direction comes when becoming aware of all of them.Coaching becomes a practical lens through which we work with the whole picture [&hellip;]<\/p>\n","protected":false},"author":9,"featured_media":1752,"parent":0,"menu_order":0,"comment_status":"closed","ping_status":"closed","template":"","meta":{"inline_featured_image":false,"postBodyCss":"","postBodyMargin":[],"postBodyPadding":[],"postBodyBackground":{"backgroundType":"classic","gradient":""},"_themeisle_gutenberg_block_has_review":false,"_joinchat":[],"footnotes":""},"class_list":["post-2448","page","type-page","status-publish","has-post-thumbnail","hentry"],"yoast_head":"<!-- This site is optimized with the Yoast SEO plugin v27.2 - https:\/\/yoast.com\/product\/yoast-seo-wordpress\/ -->\n<title>Career Coaching Services - Language Plus Madrid<\/title>\n<meta name=\"robots\" content=\"index, follow, max-snippet:-1, max-image-preview:large, max-video-preview:-1\" \/>\n<link rel=\"canonical\" href=\"https:\/\/languageplusmadrid.com.es\/es\/career-coaching-services\/\" \/>\n<meta property=\"og:locale\" content=\"es_ES\" \/>\n<meta property=\"og:type\" content=\"article\" \/>\n<meta property=\"og:title\" content=\"Career Coaching Services - Language Plus Madrid\" \/>\n<meta property=\"og:description\" content=\"career coaching services welcome to abraxas coachingFor clarity, direction and progress ABRAXAS is more than a name. Rooted in ancient symbolism it points to a simple idea: we are made of different parts\u00a0and true direction comes when becoming aware of all of them.Coaching becomes a practical lens through which we work with the whole picture [&hellip;]\" \/>\n<meta property=\"og:url\" content=\"https:\/\/languageplusmadrid.com.es\/es\/career-coaching-services\/\" \/>\n<meta property=\"og:site_name\" content=\"Language Plus Madrid\" \/>\n<meta property=\"article:modified_time\" content=\"2026-01-07T13:41:23+00:00\" \/>\n<meta property=\"og:image\" content=\"https:\/\/languageplusmadrid.com.es\/wp-content\/uploads\/2023\/09\/LP-Services-4-1024x576.png\" \/>\n\t<meta property=\"og:image:width\" content=\"1024\" \/>\n\t<meta property=\"og:image:height\" content=\"576\" \/>\n\t<meta property=\"og:image:type\" content=\"image\/png\" \/>\n<meta name=\"twitter:card\" content=\"summary_large_image\" \/>\n<meta name=\"twitter:label1\" content=\"Tiempo de lectura\" \/>\n\t<meta name=\"twitter:data1\" content=\"1 minuto\" \/>\n<script type=\"application\/ld+json\" class=\"yoast-schema-graph\">{\"@context\":\"https:\/\/schema.org\",\"@graph\":[{\"@type\":\"WebPage\",\"@id\":\"https:\/\/languageplusmadrid.com.es\/career-coaching-services\/\",\"url\":\"https:\/\/languageplusmadrid.com.es\/career-coaching-services\/\",\"name\":\"Career Coaching Services - Language Plus Madrid\",\"isPartOf\":{\"@id\":\"https:\/\/languageplusmadrid.com.es\/#website\"},\"primaryImageOfPage\":{\"@id\":\"https:\/\/languageplusmadrid.com.es\/career-coaching-services\/#primaryimage\"},\"image\":{\"@id\":\"https:\/\/languageplusmadrid.com.es\/career-coaching-services\/#primaryimage\"},\"thumbnailUrl\":\"https:\/\/languageplusmadrid.com.es\/wp-content\/uploads\/2023\/09\/LP-Services-4.png\",\"datePublished\":\"2025-12-05T18:14:13+00:00\",\"dateModified\":\"2026-01-07T13:41:23+00:00\",\"breadcrumb\":{\"@id\":\"https:\/\/languageplusmadrid.com.es\/career-coaching-services\/#breadcrumb\"},\"inLanguage\":\"es\",\"potentialAction\":[{\"@type\":\"ReadAction\",\"target\":[\"https:\/\/languageplusmadrid.com.es\/career-coaching-services\/\"]}]},{\"@type\":\"ImageObject\",\"inLanguage\":\"es\",\"@id\":\"https:\/\/languageplusmadrid.com.es\/career-coaching-services\/#primaryimage\",\"url\":\"https:\/\/languageplusmadrid.com.es\/wp-content\/uploads\/2023\/09\/LP-Services-4.png\",\"contentUrl\":\"https:\/\/languageplusmadrid.com.es\/wp-content\/uploads\/2023\/09\/LP-Services-4.png\",\"width\":1920,\"height\":1080},{\"@type\":\"BreadcrumbList\",\"@id\":\"https:\/\/languageplusmadrid.com.es\/career-coaching-services\/#breadcrumb\",\"itemListElement\":[{\"@type\":\"ListItem\",\"position\":1,\"name\":\"Home\",\"item\":\"https:\/\/languageplusmadrid.com.es\/\"},{\"@type\":\"ListItem\",\"position\":2,\"name\":\"Career Coaching Services\"}]},{\"@type\":\"WebSite\",\"@id\":\"https:\/\/languageplusmadrid.com.es\/#website\",\"url\":\"https:\/\/languageplusmadrid.com.es\/\",\"name\":\"Language Plus Madrid\",\"description\":\"\",\"publisher\":{\"@id\":\"https:\/\/languageplusmadrid.com.es\/#organization\"},\"potentialAction\":[{\"@type\":\"SearchAction\",\"target\":{\"@type\":\"EntryPoint\",\"urlTemplate\":\"https:\/\/languageplusmadrid.com.es\/?s={search_term_string}\"},\"query-input\":{\"@type\":\"PropertyValueSpecification\",\"valueRequired\":true,\"valueName\":\"search_term_string\"}}],\"inLanguage\":\"es\"},{\"@type\":\"Organization\",\"@id\":\"https:\/\/languageplusmadrid.com.es\/#organization\",\"name\":\"Language Plus Madrid\",\"url\":\"https:\/\/languageplusmadrid.com.es\/\",\"logo\":{\"@type\":\"ImageObject\",\"inLanguage\":\"es\",\"@id\":\"https:\/\/languageplusmadrid.com.es\/#\/schema\/logo\/image\/\",\"url\":\"https:\/\/languageplusmadrid.com.es\/wp-content\/uploads\/2023\/09\/cropped-LP-favicon-1.png\",\"contentUrl\":\"https:\/\/languageplusmadrid.com.es\/wp-content\/uploads\/2023\/09\/cropped-LP-favicon-1.png\",\"width\":512,\"height\":512,\"caption\":\"Language Plus Madrid\"},\"image\":{\"@id\":\"https:\/\/languageplusmadrid.com.es\/#\/schema\/logo\/image\/\"}}]}<\/script>\n<!-- \/ Yoast SEO plugin. -->","yoast_head_json":{"title":"Career Coaching Services - Language Plus Madrid","robots":{"index":"index","follow":"follow","max-snippet":"max-snippet:-1","max-image-preview":"max-image-preview:large","max-video-preview":"max-video-preview:-1"},"canonical":"https:\/\/languageplusmadrid.com.es\/es\/career-coaching-services\/","og_locale":"es_ES","og_type":"article","og_title":"Career Coaching Services - Language Plus Madrid","og_description":"career coaching services welcome to abraxas coachingFor clarity, direction and progress ABRAXAS is more than a name. Rooted in ancient symbolism it points to a simple idea: we are made of different parts\u00a0and true direction comes when becoming aware of all of them.Coaching becomes a practical lens through which we work with the whole picture [&hellip;]","og_url":"https:\/\/languageplusmadrid.com.es\/es\/career-coaching-services\/","og_site_name":"Language Plus Madrid","article_modified_time":"2026-01-07T13:41:23+00:00","og_image":[{"width":1024,"height":576,"url":"https:\/\/languageplusmadrid.com.es\/wp-content\/uploads\/2023\/09\/LP-Services-4-1024x576.png","type":"image\/png"}],"twitter_card":"summary_large_image","twitter_misc":{"Tiempo de lectura":"1 minuto"},"schema":{"@context":"https:\/\/schema.org","@graph":[{"@type":"WebPage","@id":"https:\/\/languageplusmadrid.com.es\/career-coaching-services\/","url":"https:\/\/languageplusmadrid.com.es\/career-coaching-services\/","name":"Career Coaching Services - Language Plus Madrid","isPartOf":{"@id":"https:\/\/languageplusmadrid.com.es\/#website"},"primaryImageOfPage":{"@id":"https:\/\/languageplusmadrid.com.es\/career-coaching-services\/#primaryimage"},"image":{"@id":"https:\/\/languageplusmadrid.com.es\/career-coaching-services\/#primaryimage"},"thumbnailUrl":"https:\/\/languageplusmadrid.com.es\/wp-content\/uploads\/2023\/09\/LP-Services-4.png","datePublished":"2025-12-05T18:14:13+00:00","dateModified":"2026-01-07T13:41:23+00:00","breadcrumb":{"@id":"https:\/\/languageplusmadrid.com.es\/career-coaching-services\/#breadcrumb"},"inLanguage":"es","potentialAction":[{"@type":"ReadAction","target":["https:\/\/languageplusmadrid.com.es\/career-coaching-services\/"]}]},{"@type":"ImageObject","inLanguage":"es","@id":"https:\/\/languageplusmadrid.com.es\/career-coaching-services\/#primaryimage","url":"https:\/\/languageplusmadrid.com.es\/wp-content\/uploads\/2023\/09\/LP-Services-4.png","contentUrl":"https:\/\/languageplusmadrid.com.es\/wp-content\/uploads\/2023\/09\/LP-Services-4.png","width":1920,"height":1080},{"@type":"BreadcrumbList","@id":"https:\/\/languageplusmadrid.com.es\/career-coaching-services\/#breadcrumb","itemListElement":[{"@type":"ListItem","position":1,"name":"Home","item":"https:\/\/languageplusmadrid.com.es\/"},{"@type":"ListItem","position":2,"name":"Career Coaching Services"}]},{"@type":"WebSite","@id":"https:\/\/languageplusmadrid.com.es\/#website","url":"https:\/\/languageplusmadrid.com.es\/","name":"Language Plus Madrid","description":"","publisher":{"@id":"https:\/\/languageplusmadrid.com.es\/#organization"},"potentialAction":[{"@type":"SearchAction","target":{"@type":"EntryPoint","urlTemplate":"https:\/\/languageplusmadrid.com.es\/?s={search_term_string}"},"query-input":{"@type":"PropertyValueSpecification","valueRequired":true,"valueName":"search_term_string"}}],"inLanguage":"es"},{"@type":"Organization","@id":"https:\/\/languageplusmadrid.com.es\/#organization","name":"Language Plus Madrid","url":"https:\/\/languageplusmadrid.com.es\/","logo":{"@type":"ImageObject","inLanguage":"es","@id":"https:\/\/languageplusmadrid.com.es\/#\/schema\/logo\/image\/","url":"https:\/\/languageplusmadrid.com.es\/wp-content\/uploads\/2023\/09\/cropped-LP-favicon-1.png","contentUrl":"https:\/\/languageplusmadrid.com.es\/wp-content\/uploads\/2023\/09\/cropped-LP-favicon-1.png","width":512,"height":512,"caption":"Language Plus Madrid"},"image":{"@id":"https:\/\/languageplusmadrid.com.es\/#\/schema\/logo\/image\/"}}]}},"jetpack_sharing_enabled":true,"_links":{"self":[{"href":"https:\/\/languageplusmadrid.com.es\/es\/wp-json\/wp\/v2\/pages\/2448","targetHints":{"allow":["GET"]}}],"collection":[{"href":"https:\/\/languageplusmadrid.com.es\/es\/wp-json\/wp\/v2\/pages"}],"about":[{"href":"https:\/\/languageplusmadrid.com.es\/es\/wp-json\/wp\/v2\/types\/page"}],"author":[{"embeddable":true,"href":"https:\/\/languageplusmadrid.com.es\/es\/wp-json\/wp\/v2\/users\/9"}],"replies":[{"embeddable":true,"href":"https:\/\/languageplusmadrid.com.es\/es\/wp-json\/wp\/v2\/comments?post=2448"}],"version-history":[{"count":0,"href":"https:\/\/languageplusmadrid.com.es\/es\/wp-json\/wp\/v2\/pages\/2448\/revisions"}],"wp:featuredmedia":[{"embeddable":true,"href":"https:\/\/languageplusmadrid.com.es\/es\/wp-json\/wp\/v2\/media\/1752"}],"wp:attachment":[{"href":"https:\/\/languageplusmadrid.com.es\/es\/wp-json\/wp\/v2\/media?parent=2448"}],"curies":[{"name":"wp","href":"https:\/\/api.w.org\/{rel}","templated":true}]}}